{"id":84,"date":"2021-02-25T16:34:35","date_gmt":"2021-02-25T16:34:35","guid":{"rendered":"http:\/\/rehasport-offenheim.de\/?page_id=84"},"modified":"2021-02-25T16:34:36","modified_gmt":"2021-02-25T16:34:36","slug":"fuer-aerzte","status":"publish","type":"page","link":"https:\/\/rehasport-offenheim.de\/?page_id=84","title":{"rendered":"F\u00fcr \u00c4rzte"},"content":{"rendered":"\n<p>Niedergelassene \u00c4rzte oder Mediziner aus Krankenh\u00e4usern k\u00f6nnen den Rehabilitationssport verordnen. Dieser belastet das Budget des Arztes nicht!<\/p>\n\n\n\n<p>Im Vorfeld einer Verordnung sollte gepr\u00fcft werden, ob der Rehabilitationssport mit seinen Zielsetzungen und Einsch\u00e4nkungen f\u00fcr den jeweiligen Patienten den bestm\u00f6glichen Therapieansatz darstellt.<\/p>\n\n\n\n<p>Bei Detailfragen kontaktieren Sie gerne Ihre Ansprechpartner der Gesch\u00e4ftsstelle des <a rel=\"noreferrer noopener\" href=\"https:\/\/www.bsv-rlp.de\/\" target=\"_blank\">BSV Rheinland-Pfalz<\/a>.<\/p>\n\n\n\n<p><a href=\"https:\/\/www.bsv-rlp.de\/fileadmin\/media\/bsv\/sport\/rehasport\/grundlagen\/Muster_56__7.2018_.pdf\" data-type=\"URL\" data-id=\"https:\/\/www.bsv-rlp.de\/fileadmin\/media\/bsv\/sport\/rehasport\/grundlagen\/Muster_56__7.2018_.pdf\" target=\"_blank\" rel=\"noreferrer noopener\">Vorlage Verordnung<\/a><\/p>\n\n\n\n<p><a href=\"https:\/\/www.bsv-rlp.de\/fileadmin\/media\/bsv\/sport\/rehasport\/informationen\/Flyer_DBS_REHA_Aerzte.pdf\" target=\"_blank\" rel=\"noreferrer noopener\">Flyer &#8222;Verordnung Rehapsport&#8220;<\/a><\/p>\n","protected":false},"excerpt":{"rendered":"<p>Niedergelassene \u00c4rzte oder Mediziner aus Krankenh\u00e4usern k\u00f6nnen den Rehabilitationssport verordnen. Dieser belastet das Budget des Arztes nicht! Im Vorfeld einer Verordnung sollte gepr\u00fcft werden, ob der Rehabilitationssport mit seinen Zielsetzungen und Einsch\u00e4nkungen f\u00fcr den jeweiligen Patienten den bestm\u00f6glichen Therapieansatz darstellt. Bei Detailfragen kontaktieren Sie gerne Ihre Ansprechpartner der Gesch\u00e4ftsstelle des BSV Rheinland-Pfalz. Vorlage Verordnung Flyer [&hellip;]<\/p>\n","protected":false},"author":1,"featured_media":0,"parent":0,"menu_order":0,"comment_status":"closed","ping_status":"closed","template":"","meta":{"kt_blocks_editor_width":""},"yoast_head":"<!-- This site is optimized with the Yoast SEO plugin v18.4.1 - https:\/\/yoast.com\/wordpress\/plugins\/seo\/ -->\n<title>F\u00fcr \u00c4rzte - SV Offenheim Rehasport<\/title>\n<meta name=\"robots\" content=\"index, follow, max-snippet:-1, max-image-preview:large, max-video-preview:-1\" \/>\n<link rel=\"canonical\" href=\"https:\/\/rehasport-offenheim.de\/?page_id=84\" \/>\n<meta property=\"og:locale\" content=\"de_DE\" \/>\n<meta property=\"og:type\" content=\"article\" \/>\n<meta property=\"og:title\" content=\"F\u00fcr \u00c4rzte - SV Offenheim Rehasport\" \/>\n<meta property=\"og:description\" content=\"Niedergelassene \u00c4rzte oder Mediziner aus Krankenh\u00e4usern k\u00f6nnen den Rehabilitationssport verordnen. Dieser belastet das Budget des Arztes nicht! Im Vorfeld einer Verordnung sollte gepr\u00fcft werden, ob der Rehabilitationssport mit seinen Zielsetzungen und Einsch\u00e4nkungen f\u00fcr den jeweiligen Patienten den bestm\u00f6glichen Therapieansatz darstellt. Bei Detailfragen kontaktieren Sie gerne Ihre Ansprechpartner der Gesch\u00e4ftsstelle des BSV Rheinland-Pfalz. Vorlage Verordnung Flyer [&hellip;]\" \/>\n<meta property=\"og:url\" content=\"https:\/\/rehasport-offenheim.de\/?page_id=84\" \/>\n<meta property=\"og:site_name\" content=\"SV Offenheim Rehasport\" \/>\n<meta property=\"article:modified_time\" content=\"2021-02-25T16:34:36+00:00\" \/>\n<meta name=\"twitter:card\" content=\"summary_large_image\" \/>\n<script type=\"application\/ld+json\" class=\"yoast-schema-graph\">{\"@context\":\"https:\/\/schema.org\",\"@graph\":[{\"@type\":\"WebSite\",\"@id\":\"https:\/\/rehasport-offenheim.de\/#website\",\"url\":\"https:\/\/rehasport-offenheim.de\/\",\"name\":\"SV Offenheim Rehasport\",\"description\":\"Unser Angebot f\u00fcr onkologische Patient*innen\",\"potentialAction\":[{\"@type\":\"SearchAction\",\"target\":{\"@type\":\"EntryPoint\",\"urlTemplate\":\"https:\/\/rehasport-offenheim.de\/?s={search_term_string}\"},\"query-input\":\"required name=search_term_string\"}],\"inLanguage\":\"de-DE\"},{\"@type\":\"WebPage\",\"@id\":\"https:\/\/rehasport-offenheim.de\/?page_id=84#webpage\",\"url\":\"https:\/\/rehasport-offenheim.de\/?page_id=84\",\"name\":\"F\u00fcr \u00c4rzte - SV Offenheim Rehasport\",\"isPartOf\":{\"@id\":\"https:\/\/rehasport-offenheim.de\/#website\"},\"datePublished\":\"2021-02-25T16:34:35+00:00\",\"dateModified\":\"2021-02-25T16:34:36+00:00\",\"breadcrumb\":{\"@id\":\"https:\/\/rehasport-offenheim.de\/?page_id=84#breadcrumb\"},\"inLanguage\":\"de-DE\",\"potentialAction\":[{\"@type\":\"ReadAction\",\"target\":[\"https:\/\/rehasport-offenheim.de\/?page_id=84\"]}]},{\"@type\":\"BreadcrumbList\",\"@id\":\"https:\/\/rehasport-offenheim.de\/?page_id=84#breadcrumb\",\"itemListElement\":[{\"@type\":\"ListItem\",\"position\":1,\"name\":\"Startseite\",\"item\":\"https:\/\/rehasport-offenheim.de\/\"},{\"@type\":\"ListItem\",\"position\":2,\"name\":\"F\u00fcr \u00c4rzte\"}]}]}<\/script>\n<!-- \/ Yoast SEO plugin. -->","yoast_head_json":{"title":"F\u00fcr \u00c4rzte - SV Offenheim Rehasport","robots":{"index":"index","follow":"follow","max-snippet":"max-snippet:-1","max-image-preview":"max-image-preview:large","max-video-preview":"max-video-preview:-1"},"canonical":"https:\/\/rehasport-offenheim.de\/?page_id=84","og_locale":"de_DE","og_type":"article","og_title":"F\u00fcr \u00c4rzte - SV Offenheim Rehasport","og_description":"Niedergelassene \u00c4rzte oder Mediziner aus Krankenh\u00e4usern k\u00f6nnen den Rehabilitationssport verordnen. Dieser belastet das Budget des Arztes nicht! Im Vorfeld einer Verordnung sollte gepr\u00fcft werden, ob der Rehabilitationssport mit seinen Zielsetzungen und Einsch\u00e4nkungen f\u00fcr den jeweiligen Patienten den bestm\u00f6glichen Therapieansatz darstellt. Bei Detailfragen kontaktieren Sie gerne Ihre Ansprechpartner der Gesch\u00e4ftsstelle des BSV Rheinland-Pfalz. Vorlage Verordnung Flyer [&hellip;]","og_url":"https:\/\/rehasport-offenheim.de\/?page_id=84","og_site_name":"SV Offenheim Rehasport","article_modified_time":"2021-02-25T16:34:36+00:00","twitter_card":"summary_large_image","schema":{"@context":"https:\/\/schema.org","@graph":[{"@type":"WebSite","@id":"https:\/\/rehasport-offenheim.de\/#website","url":"https:\/\/rehasport-offenheim.de\/","name":"SV Offenheim Rehasport","description":"Unser Angebot f\u00fcr onkologische Patient*innen","potentialAction":[{"@type":"SearchAction","target":{"@type":"EntryPoint","urlTemplate":"https:\/\/rehasport-offenheim.de\/?s={search_term_string}"},"query-input":"required name=search_term_string"}],"inLanguage":"de-DE"},{"@type":"WebPage","@id":"https:\/\/rehasport-offenheim.de\/?page_id=84#webpage","url":"https:\/\/rehasport-offenheim.de\/?page_id=84","name":"F\u00fcr \u00c4rzte - SV Offenheim Rehasport","isPartOf":{"@id":"https:\/\/rehasport-offenheim.de\/#website"},"datePublished":"2021-02-25T16:34:35+00:00","dateModified":"2021-02-25T16:34:36+00:00","breadcrumb":{"@id":"https:\/\/rehasport-offenheim.de\/?page_id=84#breadcrumb"},"inLanguage":"de-DE","potentialAction":[{"@type":"ReadAction","target":["https:\/\/rehasport-offenheim.de\/?page_id=84"]}]},{"@type":"BreadcrumbList","@id":"https:\/\/rehasport-offenheim.de\/?page_id=84#breadcrumb","itemListElement":[{"@type":"ListItem","position":1,"name":"Startseite","item":"https:\/\/rehasport-offenheim.de\/"},{"@type":"ListItem","position":2,"name":"F\u00fcr \u00c4rzte"}]}]}},"_links":{"self":[{"href":"https:\/\/rehasport-offenheim.de\/index.php?rest_route=\/wp\/v2\/pages\/84"}],"collection":[{"href":"https:\/\/rehasport-offenheim.de\/index.php?rest_route=\/wp\/v2\/pages"}],"about":[{"href":"https:\/\/rehasport-offenheim.de\/index.php?rest_route=\/wp\/v2\/types\/page"}],"author":[{"embeddable":true,"href":"https:\/\/rehasport-offenheim.de\/index.php?rest_route=\/wp\/v2\/users\/1"}],"replies":[{"embeddable":true,"href":"https:\/\/rehasport-offenheim.de\/index.php?rest_route=%2Fwp%2Fv2%2Fcomments&post=84"}],"version-history":[{"count":1,"href":"https:\/\/rehasport-offenheim.de\/index.php?rest_route=\/wp\/v2\/pages\/84\/revisions"}],"predecessor-version":[{"id":85,"href":"https:\/\/rehasport-offenheim.de\/index.php?rest_route=\/wp\/v2\/pages\/84\/revisions\/85"}],"wp:attachment":[{"href":"https:\/\/rehasport-offenheim.de\/index.php?rest_route=%2Fwp%2Fv2%2Fmedia&parent=84"}],"curies":[{"name":"wp","href":"https:\/\/api.w.org\/{rel}","templated":true}]}}