{"id":73,"date":"2021-02-24T17:21:58","date_gmt":"2021-02-24T17:21:58","guid":{"rendered":"http:\/\/rehasport-offenheim.de\/?page_id=73"},"modified":"2021-04-15T09:07:50","modified_gmt":"2021-04-15T09:07:50","slug":"verein","status":"publish","type":"page","link":"https:\/\/rehasport-offenheim.de\/?page_id=73","title":{"rendered":"Der Verein"},"content":{"rendered":"\n<p>Der SV Offenheim ist ein kleiner Dorfverein in der Rheinhessischen Schweiz. Schwerpunkt ist neben der Jugendarbeit der Gesundheitssport in dessen Rahmen nun als j\u00fcngstes Angebot der onkologische Rehasport ins Leben gerufen wurde. Der Verein ist dazu Mitglied im<a href=\"https:\/\/www.bsv-rlp.de\/\" target=\"_blank\" rel=\"noreferrer noopener\"> Behinderten- und Rehabilitationssport-Verband Rheinland-Pfalz e.V.<\/a> geworden.<\/p>\n\n\n\n<p>Hiermit wollen wir allen Patient*innen mit onkologischen Erkrankungen aus dem Kreis Brustkrebs, gyn\u00e4kologische Tumore (Eierstockskrebs, Geb\u00e4rmutterhalskrebs), Prostatakrebs und Darmkrebs ein Bewegungsangebot stellen, um die k\u00f6rperlichen Funktionen wieder zu reaktivieren, zu verbessern und auch Therapienebenwirkungen (Fatigue, Polyneuropathie) abzuschw\u00e4chen. F\u00fcr die erstmalige Teilnahme am onkologischen Rehasport ist eine Verordnung durch den Facharzt oder betreuenden Onkologen notwendig. <\/p>\n\n\n\n<p>Eine Vereinsmitgliedschaft ist nicht notwendig, wird aber im Rahmen der Nachhaltigkeit des Angebotes gerne gesehen.<\/p>\n\n\n\n<p><a href=\"https:\/\/rehasport-offenheim.de\/wp-content\/uploads\/2021\/04\/Beitrittserkla\u0308rung-2021.pdf\" target=\"_blank\" rel=\"noreferrer noopener\">Beitrittserkl\u00e4rung<\/a><\/p>\n\n\n\n<p>Aktuelle Jahresbeitr\u00e4ge des Vereins:<br>Sch\u00fcler: 48 EUR<br>Studenten \/ Rentner \/ Rehasport: 30 EUR<br>Erwachsene: 72 EUR<br>Familienbeitrag: 75 EUR<\/p>\n\n\n\n<p>F\u00fcr Teilnahme am onkologischen Rehasport wird ein Sonderbeitrag erhoben:<\/p>\n\n\n\n<p><strong>5,00 EUR pro Monat<\/strong> <strong>(60 \u20ac pro Jahr)<\/strong> <\/p>\n\n\n\n<p>Der Jahresbeitrag wird in zwei Teilbetr\u00e4gen im Rahmen des erteilten SEPA-Lastschrift-Mandates eingezogen.<\/p>\n","protected":false},"excerpt":{"rendered":"<p>Der SV Offenheim ist ein kleiner Dorfverein in der Rheinhessischen Schweiz. Schwerpunkt ist neben der Jugendarbeit der Gesundheitssport in dessen Rahmen nun als j\u00fcngstes Angebot der onkologische Rehasport ins Leben gerufen wurde. Der Verein ist dazu Mitglied im Behinderten- und Rehabilitationssport-Verband Rheinland-Pfalz e.V. geworden. Hiermit wollen wir allen Patient*innen mit onkologischen Erkrankungen aus dem Kreis [&hellip;]<\/p>\n","protected":false},"author":1,"featured_media":0,"parent":0,"menu_order":0,"comment_status":"closed","ping_status":"closed","template":"","meta":{"kt_blocks_editor_width":""},"yoast_head":"<!-- This site is optimized with the Yoast SEO plugin v18.4.1 - https:\/\/yoast.com\/wordpress\/plugins\/seo\/ -->\n<title>Der Verein - SV Offenheim Rehasport<\/title>\n<meta name=\"robots\" content=\"index, follow, max-snippet:-1, max-image-preview:large, max-video-preview:-1\" \/>\n<link rel=\"canonical\" href=\"https:\/\/rehasport-offenheim.de\/?page_id=73\" \/>\n<meta property=\"og:locale\" content=\"de_DE\" \/>\n<meta property=\"og:type\" content=\"article\" \/>\n<meta property=\"og:title\" content=\"Der Verein - SV Offenheim Rehasport\" \/>\n<meta property=\"og:description\" content=\"Der SV Offenheim ist ein kleiner Dorfverein in der Rheinhessischen Schweiz. Schwerpunkt ist neben der Jugendarbeit der Gesundheitssport in dessen Rahmen nun als j\u00fcngstes Angebot der onkologische Rehasport ins Leben gerufen wurde. Der Verein ist dazu Mitglied im Behinderten- und Rehabilitationssport-Verband Rheinland-Pfalz e.V. geworden. Hiermit wollen wir allen Patient*innen mit onkologischen Erkrankungen aus dem Kreis [&hellip;]\" \/>\n<meta property=\"og:url\" content=\"https:\/\/rehasport-offenheim.de\/?page_id=73\" \/>\n<meta property=\"og:site_name\" content=\"SV Offenheim Rehasport\" \/>\n<meta property=\"article:modified_time\" content=\"2021-04-15T09:07:50+00:00\" \/>\n<meta name=\"twitter:card\" content=\"summary_large_image\" \/>\n<meta name=\"twitter:label1\" content=\"Gesch\u00e4tzte Lesezeit\" \/>\n\t<meta name=\"twitter:data1\" content=\"1 Minute\" \/>\n<script type=\"application\/ld+json\" class=\"yoast-schema-graph\">{\"@context\":\"https:\/\/schema.org\",\"@graph\":[{\"@type\":\"WebSite\",\"@id\":\"https:\/\/rehasport-offenheim.de\/#website\",\"url\":\"https:\/\/rehasport-offenheim.de\/\",\"name\":\"SV Offenheim Rehasport\",\"description\":\"Unser Angebot f\u00fcr onkologische Patient*innen\",\"potentialAction\":[{\"@type\":\"SearchAction\",\"target\":{\"@type\":\"EntryPoint\",\"urlTemplate\":\"https:\/\/rehasport-offenheim.de\/?s={search_term_string}\"},\"query-input\":\"required name=search_term_string\"}],\"inLanguage\":\"de-DE\"},{\"@type\":\"WebPage\",\"@id\":\"https:\/\/rehasport-offenheim.de\/?page_id=73#webpage\",\"url\":\"https:\/\/rehasport-offenheim.de\/?page_id=73\",\"name\":\"Der Verein - SV Offenheim Rehasport\",\"isPartOf\":{\"@id\":\"https:\/\/rehasport-offenheim.de\/#website\"},\"datePublished\":\"2021-02-24T17:21:58+00:00\",\"dateModified\":\"2021-04-15T09:07:50+00:00\",\"breadcrumb\":{\"@id\":\"https:\/\/rehasport-offenheim.de\/?page_id=73#breadcrumb\"},\"inLanguage\":\"de-DE\",\"potentialAction\":[{\"@type\":\"ReadAction\",\"target\":[\"https:\/\/rehasport-offenheim.de\/?page_id=73\"]}]},{\"@type\":\"BreadcrumbList\",\"@id\":\"https:\/\/rehasport-offenheim.de\/?page_id=73#breadcrumb\",\"itemListElement\":[{\"@type\":\"ListItem\",\"position\":1,\"name\":\"Startseite\",\"item\":\"https:\/\/rehasport-offenheim.de\/\"},{\"@type\":\"ListItem\",\"position\":2,\"name\":\"Der Verein\"}]}]}<\/script>\n<!-- \/ Yoast SEO plugin. -->","yoast_head_json":{"title":"Der Verein - SV Offenheim Rehasport","robots":{"index":"index","follow":"follow","max-snippet":"max-snippet:-1","max-image-preview":"max-image-preview:large","max-video-preview":"max-video-preview:-1"},"canonical":"https:\/\/rehasport-offenheim.de\/?page_id=73","og_locale":"de_DE","og_type":"article","og_title":"Der Verein - SV Offenheim Rehasport","og_description":"Der SV Offenheim ist ein kleiner Dorfverein in der Rheinhessischen Schweiz. Schwerpunkt ist neben der Jugendarbeit der Gesundheitssport in dessen Rahmen nun als j\u00fcngstes Angebot der onkologische Rehasport ins Leben gerufen wurde. Der Verein ist dazu Mitglied im Behinderten- und Rehabilitationssport-Verband Rheinland-Pfalz e.V. geworden. Hiermit wollen wir allen Patient*innen mit onkologischen Erkrankungen aus dem Kreis [&hellip;]","og_url":"https:\/\/rehasport-offenheim.de\/?page_id=73","og_site_name":"SV Offenheim Rehasport","article_modified_time":"2021-04-15T09:07:50+00:00","twitter_card":"summary_large_image","twitter_misc":{"Gesch\u00e4tzte Lesezeit":"1 Minute"},"schema":{"@context":"https:\/\/schema.org","@graph":[{"@type":"WebSite","@id":"https:\/\/rehasport-offenheim.de\/#website","url":"https:\/\/rehasport-offenheim.de\/","name":"SV Offenheim Rehasport","description":"Unser Angebot f\u00fcr onkologische Patient*innen","potentialAction":[{"@type":"SearchAction","target":{"@type":"EntryPoint","urlTemplate":"https:\/\/rehasport-offenheim.de\/?s={search_term_string}"},"query-input":"required name=search_term_string"}],"inLanguage":"de-DE"},{"@type":"WebPage","@id":"https:\/\/rehasport-offenheim.de\/?page_id=73#webpage","url":"https:\/\/rehasport-offenheim.de\/?page_id=73","name":"Der Verein - SV Offenheim Rehasport","isPartOf":{"@id":"https:\/\/rehasport-offenheim.de\/#website"},"datePublished":"2021-02-24T17:21:58+00:00","dateModified":"2021-04-15T09:07:50+00:00","breadcrumb":{"@id":"https:\/\/rehasport-offenheim.de\/?page_id=73#breadcrumb"},"inLanguage":"de-DE","potentialAction":[{"@type":"ReadAction","target":["https:\/\/rehasport-offenheim.de\/?page_id=73"]}]},{"@type":"BreadcrumbList","@id":"https:\/\/rehasport-offenheim.de\/?page_id=73#breadcrumb","itemListElement":[{"@type":"ListItem","position":1,"name":"Startseite","item":"https:\/\/rehasport-offenheim.de\/"},{"@type":"ListItem","position":2,"name":"Der Verein"}]}]}},"_links":{"self":[{"href":"https:\/\/rehasport-offenheim.de\/index.php?rest_route=\/wp\/v2\/pages\/73"}],"collection":[{"href":"https:\/\/rehasport-offenheim.de\/index.php?rest_route=\/wp\/v2\/pages"}],"about":[{"href":"https:\/\/rehasport-offenheim.de\/index.php?rest_route=\/wp\/v2\/types\/page"}],"author":[{"embeddable":true,"href":"https:\/\/rehasport-offenheim.de\/index.php?rest_route=\/wp\/v2\/users\/1"}],"replies":[{"embeddable":true,"href":"https:\/\/rehasport-offenheim.de\/index.php?rest_route=%2Fwp%2Fv2%2Fcomments&post=73"}],"version-history":[{"count":7,"href":"https:\/\/rehasport-offenheim.de\/index.php?rest_route=\/wp\/v2\/pages\/73\/revisions"}],"predecessor-version":[{"id":101,"href":"https:\/\/rehasport-offenheim.de\/index.php?rest_route=\/wp\/v2\/pages\/73\/revisions\/101"}],"wp:attachment":[{"href":"https:\/\/rehasport-offenheim.de\/index.php?rest_route=%2Fwp%2Fv2%2Fmedia&parent=73"}],"curies":[{"name":"wp","href":"https:\/\/api.w.org\/{rel}","templated":true}]}}