{"id":49,"date":"2021-02-21T19:08:46","date_gmt":"2021-02-21T19:08:46","guid":{"rendered":"http:\/\/rehasport-offenheim.de\/?page_id=49"},"modified":"2021-02-27T09:21:33","modified_gmt":"2021-02-27T09:21:33","slug":"trainerin","status":"publish","type":"page","link":"https:\/\/rehasport-offenheim.de\/?page_id=49","title":{"rendered":"Trainerin"},"content":{"rendered":"\n<p>Birgit Warnke stellt sich vor<\/p>\n\n\n\n<p>Ich arbeitete seit meiner Ausbildung 1993 im Klinikum Worms als examinierte Krankenschwester auf einer chirurgischen Station.<\/p>\n\n\n\n<p>Aufgrund meines Wunsches nach beruflicher Ver\u00e4nderung absolvierte ich 2012 eine Weiterbildung zum Pflegeexperten f\u00fcr Kontinenz.<\/p>\n\n\n\n<p>Seit 2013 bin ich im Beckenbodenzentrum Worms t\u00e4tig. Durch die Zusammenarbeit mit den 3 Fachdisziplinen Chirurgie, Gyn\u00e4kologie und Urologie ist meine Arbeit nun sehr abwechslungsreich. Mit Interesse und Begeisterung entschloss ich mich, eine weitere Ausbildung zur Beckenboden-Kursleiterin f\u00fcr Frauen und M\u00e4nner zu absolvieren. Eine Zusatzqualifikation als Entspannungsp\u00e4dagogin folgte.<\/p>\n\n\n\n<p>Da Sport und Bewegung schon immer zu mir geh\u00f6rteb, war ich in jugen Jahren im \u00f6rtlichen Vereinen und in einem Fitnessstudio als Trainerin t\u00e4tig.<\/p>\n\n\n\n<p>Nun bietet sich die Chance, gemeinsam mit dem SV Offenheim, im Klinikum Worms und in Alzey onkologischen Rehasport f\u00fcr unsere Patient*innen mit Brust-, Eierstocks- Geb\u00e4rmutterhals- Darm oder Prostatakrebs azubieten.<\/p>\n\n\n\n<p>Meine Philosophie: Ziele zu erreichen &#8211; man schafft alles im Leben, wenn man es will!<\/p>\n\n\n\n<figure class=\"wp-block-image size-large is-style-rounded\"><img loading=\"lazy\" width=\"768\" height=\"1024\" src=\"https:\/\/rehasport-offenheim.de\/wp-content\/uploads\/2021\/02\/7b5a3d45-afa7-44db-8f3c-a25e4851fbd6.jpg\" alt=\"\" class=\"wp-image-50\" srcset=\"https:\/\/rehasport-offenheim.de\/wp-content\/uploads\/2021\/02\/7b5a3d45-afa7-44db-8f3c-a25e4851fbd6.jpg 768w, https:\/\/rehasport-offenheim.de\/wp-content\/uploads\/2021\/02\/7b5a3d45-afa7-44db-8f3c-a25e4851fbd6-225x300.jpg 225w, https:\/\/rehasport-offenheim.de\/wp-content\/uploads\/2021\/02\/7b5a3d45-afa7-44db-8f3c-a25e4851fbd6-1x1.jpg 1w\" sizes=\"(max-width: 768px) 100vw, 768px\" \/><\/figure>\n","protected":false},"excerpt":{"rendered":"<p>Birgit Warnke stellt sich vor Ich arbeitete seit meiner Ausbildung 1993 im Klinikum Worms als examinierte Krankenschwester auf einer chirurgischen Station. Aufgrund meines Wunsches nach beruflicher Ver\u00e4nderung absolvierte ich 2012 eine Weiterbildung zum Pflegeexperten f\u00fcr Kontinenz. Seit 2013 bin ich im Beckenbodenzentrum Worms t\u00e4tig. Durch die Zusammenarbeit mit den 3 Fachdisziplinen Chirurgie, Gyn\u00e4kologie und Urologie [&hellip;]<\/p>\n","protected":false},"author":1,"featured_media":0,"parent":0,"menu_order":0,"comment_status":"closed","ping_status":"closed","template":"","meta":{"kt_blocks_editor_width":""},"yoast_head":"<!-- This site is optimized with the Yoast SEO plugin v18.4.1 - https:\/\/yoast.com\/wordpress\/plugins\/seo\/ -->\n<title>Trainerin - SV Offenheim Rehasport<\/title>\n<meta name=\"robots\" content=\"index, follow, max-snippet:-1, max-image-preview:large, max-video-preview:-1\" \/>\n<link rel=\"canonical\" href=\"https:\/\/rehasport-offenheim.de\/?page_id=49\" \/>\n<meta property=\"og:locale\" content=\"de_DE\" \/>\n<meta property=\"og:type\" content=\"article\" \/>\n<meta property=\"og:title\" content=\"Trainerin - SV Offenheim Rehasport\" \/>\n<meta property=\"og:description\" content=\"Birgit Warnke stellt sich vor Ich arbeitete seit meiner Ausbildung 1993 im Klinikum Worms als examinierte Krankenschwester auf einer chirurgischen Station. Aufgrund meines Wunsches nach beruflicher Ver\u00e4nderung absolvierte ich 2012 eine Weiterbildung zum Pflegeexperten f\u00fcr Kontinenz. Seit 2013 bin ich im Beckenbodenzentrum Worms t\u00e4tig. Durch die Zusammenarbeit mit den 3 Fachdisziplinen Chirurgie, Gyn\u00e4kologie und Urologie [&hellip;]\" \/>\n<meta property=\"og:url\" content=\"https:\/\/rehasport-offenheim.de\/?page_id=49\" \/>\n<meta property=\"og:site_name\" content=\"SV Offenheim Rehasport\" \/>\n<meta property=\"article:modified_time\" content=\"2021-02-27T09:21:33+00:00\" \/>\n<meta property=\"og:image\" content=\"https:\/\/rehasport-offenheim.de\/wp-content\/uploads\/2021\/02\/7b5a3d45-afa7-44db-8f3c-a25e4851fbd6.jpg\" \/>\n<meta name=\"twitter:card\" content=\"summary_large_image\" \/>\n<meta name=\"twitter:label1\" content=\"Gesch\u00e4tzte Lesezeit\" \/>\n\t<meta name=\"twitter:data1\" content=\"1 Minute\" \/>\n<script type=\"application\/ld+json\" class=\"yoast-schema-graph\">{\"@context\":\"https:\/\/schema.org\",\"@graph\":[{\"@type\":\"WebSite\",\"@id\":\"https:\/\/rehasport-offenheim.de\/#website\",\"url\":\"https:\/\/rehasport-offenheim.de\/\",\"name\":\"SV Offenheim Rehasport\",\"description\":\"Unser Angebot f\u00fcr onkologische Patient*innen\",\"potentialAction\":[{\"@type\":\"SearchAction\",\"target\":{\"@type\":\"EntryPoint\",\"urlTemplate\":\"https:\/\/rehasport-offenheim.de\/?s={search_term_string}\"},\"query-input\":\"required name=search_term_string\"}],\"inLanguage\":\"de-DE\"},{\"@type\":\"ImageObject\",\"@id\":\"https:\/\/rehasport-offenheim.de\/?page_id=49#primaryimage\",\"inLanguage\":\"de-DE\",\"url\":\"https:\/\/rehasport-offenheim.de\/wp-content\/uploads\/2021\/02\/7b5a3d45-afa7-44db-8f3c-a25e4851fbd6.jpg\",\"contentUrl\":\"https:\/\/rehasport-offenheim.de\/wp-content\/uploads\/2021\/02\/7b5a3d45-afa7-44db-8f3c-a25e4851fbd6.jpg\",\"width\":768,\"height\":1024},{\"@type\":\"WebPage\",\"@id\":\"https:\/\/rehasport-offenheim.de\/?page_id=49#webpage\",\"url\":\"https:\/\/rehasport-offenheim.de\/?page_id=49\",\"name\":\"Trainerin - SV Offenheim Rehasport\",\"isPartOf\":{\"@id\":\"https:\/\/rehasport-offenheim.de\/#website\"},\"primaryImageOfPage\":{\"@id\":\"https:\/\/rehasport-offenheim.de\/?page_id=49#primaryimage\"},\"datePublished\":\"2021-02-21T19:08:46+00:00\",\"dateModified\":\"2021-02-27T09:21:33+00:00\",\"breadcrumb\":{\"@id\":\"https:\/\/rehasport-offenheim.de\/?page_id=49#breadcrumb\"},\"inLanguage\":\"de-DE\",\"potentialAction\":[{\"@type\":\"ReadAction\",\"target\":[\"https:\/\/rehasport-offenheim.de\/?page_id=49\"]}]},{\"@type\":\"BreadcrumbList\",\"@id\":\"https:\/\/rehasport-offenheim.de\/?page_id=49#breadcrumb\",\"itemListElement\":[{\"@type\":\"ListItem\",\"position\":1,\"name\":\"Startseite\",\"item\":\"https:\/\/rehasport-offenheim.de\/\"},{\"@type\":\"ListItem\",\"position\":2,\"name\":\"Trainerin\"}]}]}<\/script>\n<!-- \/ Yoast SEO plugin. -->","yoast_head_json":{"title":"Trainerin - SV Offenheim Rehasport","robots":{"index":"index","follow":"follow","max-snippet":"max-snippet:-1","max-image-preview":"max-image-preview:large","max-video-preview":"max-video-preview:-1"},"canonical":"https:\/\/rehasport-offenheim.de\/?page_id=49","og_locale":"de_DE","og_type":"article","og_title":"Trainerin - SV Offenheim Rehasport","og_description":"Birgit Warnke stellt sich vor Ich arbeitete seit meiner Ausbildung 1993 im Klinikum Worms als examinierte Krankenschwester auf einer chirurgischen Station. Aufgrund meines Wunsches nach beruflicher Ver\u00e4nderung absolvierte ich 2012 eine Weiterbildung zum Pflegeexperten f\u00fcr Kontinenz. Seit 2013 bin ich im Beckenbodenzentrum Worms t\u00e4tig. Durch die Zusammenarbeit mit den 3 Fachdisziplinen Chirurgie, Gyn\u00e4kologie und Urologie [&hellip;]","og_url":"https:\/\/rehasport-offenheim.de\/?page_id=49","og_site_name":"SV Offenheim Rehasport","article_modified_time":"2021-02-27T09:21:33+00:00","og_image":[{"url":"https:\/\/rehasport-offenheim.de\/wp-content\/uploads\/2021\/02\/7b5a3d45-afa7-44db-8f3c-a25e4851fbd6.jpg"}],"twitter_card":"summary_large_image","twitter_misc":{"Gesch\u00e4tzte Lesezeit":"1 Minute"},"schema":{"@context":"https:\/\/schema.org","@graph":[{"@type":"WebSite","@id":"https:\/\/rehasport-offenheim.de\/#website","url":"https:\/\/rehasport-offenheim.de\/","name":"SV Offenheim Rehasport","description":"Unser Angebot f\u00fcr onkologische Patient*innen","potentialAction":[{"@type":"SearchAction","target":{"@type":"EntryPoint","urlTemplate":"https:\/\/rehasport-offenheim.de\/?s={search_term_string}"},"query-input":"required name=search_term_string"}],"inLanguage":"de-DE"},{"@type":"ImageObject","@id":"https:\/\/rehasport-offenheim.de\/?page_id=49#primaryimage","inLanguage":"de-DE","url":"https:\/\/rehasport-offenheim.de\/wp-content\/uploads\/2021\/02\/7b5a3d45-afa7-44db-8f3c-a25e4851fbd6.jpg","contentUrl":"https:\/\/rehasport-offenheim.de\/wp-content\/uploads\/2021\/02\/7b5a3d45-afa7-44db-8f3c-a25e4851fbd6.jpg","width":768,"height":1024},{"@type":"WebPage","@id":"https:\/\/rehasport-offenheim.de\/?page_id=49#webpage","url":"https:\/\/rehasport-offenheim.de\/?page_id=49","name":"Trainerin - SV Offenheim Rehasport","isPartOf":{"@id":"https:\/\/rehasport-offenheim.de\/#website"},"primaryImageOfPage":{"@id":"https:\/\/rehasport-offenheim.de\/?page_id=49#primaryimage"},"datePublished":"2021-02-21T19:08:46+00:00","dateModified":"2021-02-27T09:21:33+00:00","breadcrumb":{"@id":"https:\/\/rehasport-offenheim.de\/?page_id=49#breadcrumb"},"inLanguage":"de-DE","potentialAction":[{"@type":"ReadAction","target":["https:\/\/rehasport-offenheim.de\/?page_id=49"]}]},{"@type":"BreadcrumbList","@id":"https:\/\/rehasport-offenheim.de\/?page_id=49#breadcrumb","itemListElement":[{"@type":"ListItem","position":1,"name":"Startseite","item":"https:\/\/rehasport-offenheim.de\/"},{"@type":"ListItem","position":2,"name":"Trainerin"}]}]}},"_links":{"self":[{"href":"https:\/\/rehasport-offenheim.de\/index.php?rest_route=\/wp\/v2\/pages\/49"}],"collection":[{"href":"https:\/\/rehasport-offenheim.de\/index.php?rest_route=\/wp\/v2\/pages"}],"about":[{"href":"https:\/\/rehasport-offenheim.de\/index.php?rest_route=\/wp\/v2\/types\/page"}],"author":[{"embeddable":true,"href":"https:\/\/rehasport-offenheim.de\/index.php?rest_route=\/wp\/v2\/users\/1"}],"replies":[{"embeddable":true,"href":"https:\/\/rehasport-offenheim.de\/index.php?rest_route=%2Fwp%2Fv2%2Fcomments&post=49"}],"version-history":[{"count":2,"href":"https:\/\/rehasport-offenheim.de\/index.php?rest_route=\/wp\/v2\/pages\/49\/revisions"}],"predecessor-version":[{"id":88,"href":"https:\/\/rehasport-offenheim.de\/index.php?rest_route=\/wp\/v2\/pages\/49\/revisions\/88"}],"wp:attachment":[{"href":"https:\/\/rehasport-offenheim.de\/index.php?rest_route=%2Fwp%2Fv2%2Fmedia&parent=49"}],"curies":[{"name":"wp","href":"https:\/\/api.w.org\/{rel}","templated":true}]}}