{"id":38,"date":"2021-02-21T18:52:57","date_gmt":"2021-02-21T18:52:57","guid":{"rendered":"http:\/\/rehasport-offenheim.de\/?page_id=38"},"modified":"2021-02-24T17:09:56","modified_gmt":"2021-02-24T17:09:56","slug":"impressum","status":"publish","type":"page","link":"https:\/\/rehasport-offenheim.de\/?page_id=38","title":{"rendered":"Impressum\/Kontakt"},"content":{"rendered":"\n<p>Unser Impressum informiert Sie nach \u00a7 6, Gesetz \u00fcber die Nutzung von Telediensten (Teledienstegesetz &#8211; TDG):<\/p>\n\n\n\n<p><strong>Abteilung Rehasport des SV Offenheim<\/strong><\/p>\n\n\n\n<p>Els\u00e4sser Str. 18<\/p>\n\n\n\n<p>55234 Offenheim<\/p>\n\n\n\n<p>Tel.:&nbsp;06736\/828 9979<\/p>\n\n\n\n<p>Fax: 03212\/1266761<\/p>\n\n\n\n<p>Mobil: 0172\/1089905<\/p>\n\n\n\n<p>E-Mail: info@rehasport-offenheim.de<\/p>\n\n\n\n<p><strong>Vorsitzende:<\/strong> Verene Arm, Offenheim<\/p>\n\n\n\n<p><strong>Verantwortlich f\u00fcr die Webseiten:&nbsp;<\/strong>Sebastian Z\u00fcfle, Offenheim<\/p>\n\n\n\n<p><strong>Nutzungsbedingungen&nbsp;(Haftung, Nutzung und Links)<\/strong><\/p>\n\n\n\n<p>Das Design der Website&nbsp;www.badminton-offenheim.de sowie deren Inhalte, Texte und Grafiken unterliegen internationalem Urheberrecht.&nbsp;Kein Teil dieser Seiten oder Inhalte darf ohne schriftliche Zustimmung vom SVO-Vorstand kopiert oder vervielf\u00e4ltigt werden, mit der Ausnahme von Ausdrucken f\u00fcr den privaten oder internen gesch\u00e4ftlichen Bedarf.<\/p>\n\n\n\n<p>Diese Website dient lediglich der Information. Der SV Offenheim hat mit geb\u00fchrender Sorgfalt und Wissen den Inhalt dieser Seite zusammengestellt, \u00fcbernimmt aber keine Garantie, weder ausdr\u00fccklich oder implizit, f\u00fcr die Art oder Richtigkeit der Informationen und \u00fcbernimmt keine Haftung bez\u00fcglich des Materials bzw. der Nutzung dieses Materials.<\/p>\n\n\n\n<p>Der SV Offenheim distanziert sich von s\u00e4mtlichen Links und deren Inhalten, die auf Seiten au\u00dferhalb von www.rehasport-offenheim.de angezeigt werden.<\/p>\n\n\n\n<p>Dies gilt f\u00fcr alle Seiten von www.rehasport-offenheim.de.<\/p>\n\n\n\n<p><strong>Keine Abmahnung ohne vorherigen Kontakt!&nbsp;<\/strong><\/p>\n\n\n\n<p>Sollten wir trotz aller Sorgfalt fremde Rechte Dritter oder gesetzliche Bestimmungen verletzen, so bitten wir um Mitteilung ohne Kostennote. Wir garantieren, dass die zu Recht beanstandeten Passagen unverz\u00fcglich entfernt werden, ohne dass von Ihrer Seite die Einschaltung eines Rechtsbeistandes erforderlich ist. Dennoch von Ihnen ohne vorherige Kontaktaufnahme ausgel\u00f6ste Kosten werden wir vollst\u00e4ndig zur\u00fcckweisen und gegebenenfalls Gegenklage wegen Verletzung vorgenannter Bestimmung einreichen. Vielen Dank f\u00fcr Ihr Verst\u00e4ndnis.<\/p>\n\n\n\n<p><strong>Copyright auf Bilder<\/strong><\/p>\n\n\n\n<p>Die Bilder im Header, sowie zahlreiche weitere Bilder auf unserer Seite sind urheberrechtlich gesch\u00fctzt.<\/p>\n","protected":false},"excerpt":{"rendered":"<p>Unser Impressum informiert Sie nach \u00a7 6, Gesetz \u00fcber die Nutzung von Telediensten (Teledienstegesetz &#8211; TDG): Abteilung Rehasport des SV Offenheim Els\u00e4sser Str. 18 55234 Offenheim Tel.:&nbsp;06736\/828 9979 Fax: 03212\/1266761 Mobil: 0172\/1089905 E-Mail: info@rehasport-offenheim.de Vorsitzende: Verene Arm, Offenheim Verantwortlich f\u00fcr die Webseiten:&nbsp;Sebastian Z\u00fcfle, Offenheim Nutzungsbedingungen&nbsp;(Haftung, Nutzung und Links) Das Design der Website&nbsp;www.badminton-offenheim.de sowie deren Inhalte, [&hellip;]<\/p>\n","protected":false},"author":1,"featured_media":0,"parent":0,"menu_order":0,"comment_status":"closed","ping_status":"closed","template":"","meta":{"kt_blocks_editor_width":""},"yoast_head":"<!-- This site is optimized with the Yoast SEO plugin v18.4.1 - https:\/\/yoast.com\/wordpress\/plugins\/seo\/ -->\n<title>Impressum\/Kontakt - SV Offenheim Rehasport<\/title>\n<meta name=\"robots\" content=\"index, follow, max-snippet:-1, max-image-preview:large, max-video-preview:-1\" \/>\n<link rel=\"canonical\" href=\"https:\/\/rehasport-offenheim.de\/?page_id=38\" \/>\n<meta property=\"og:locale\" content=\"de_DE\" \/>\n<meta property=\"og:type\" content=\"article\" \/>\n<meta property=\"og:title\" content=\"Impressum\/Kontakt - SV Offenheim Rehasport\" \/>\n<meta property=\"og:description\" content=\"Unser Impressum informiert Sie nach \u00a7 6, Gesetz \u00fcber die Nutzung von Telediensten (Teledienstegesetz &#8211; TDG): Abteilung Rehasport des SV Offenheim Els\u00e4sser Str. 18 55234 Offenheim Tel.:&nbsp;06736\/828 9979 Fax: 03212\/1266761 Mobil: 0172\/1089905 E-Mail: info@rehasport-offenheim.de Vorsitzende: Verene Arm, Offenheim Verantwortlich f\u00fcr die Webseiten:&nbsp;Sebastian Z\u00fcfle, Offenheim Nutzungsbedingungen&nbsp;(Haftung, Nutzung und Links) Das Design der Website&nbsp;www.badminton-offenheim.de sowie deren Inhalte, [&hellip;]\" \/>\n<meta property=\"og:url\" content=\"https:\/\/rehasport-offenheim.de\/?page_id=38\" \/>\n<meta property=\"og:site_name\" content=\"SV Offenheim Rehasport\" \/>\n<meta property=\"article:modified_time\" content=\"2021-02-24T17:09:56+00:00\" \/>\n<meta name=\"twitter:card\" content=\"summary_large_image\" \/>\n<meta name=\"twitter:label1\" content=\"Gesch\u00e4tzte Lesezeit\" \/>\n\t<meta name=\"twitter:data1\" content=\"1 Minute\" \/>\n<script type=\"application\/ld+json\" class=\"yoast-schema-graph\">{\"@context\":\"https:\/\/schema.org\",\"@graph\":[{\"@type\":\"WebSite\",\"@id\":\"https:\/\/rehasport-offenheim.de\/#website\",\"url\":\"https:\/\/rehasport-offenheim.de\/\",\"name\":\"SV Offenheim Rehasport\",\"description\":\"Unser Angebot f\u00fcr onkologische Patient*innen\",\"potentialAction\":[{\"@type\":\"SearchAction\",\"target\":{\"@type\":\"EntryPoint\",\"urlTemplate\":\"https:\/\/rehasport-offenheim.de\/?s={search_term_string}\"},\"query-input\":\"required name=search_term_string\"}],\"inLanguage\":\"de-DE\"},{\"@type\":\"WebPage\",\"@id\":\"https:\/\/rehasport-offenheim.de\/?page_id=38#webpage\",\"url\":\"https:\/\/rehasport-offenheim.de\/?page_id=38\",\"name\":\"Impressum\/Kontakt - SV Offenheim Rehasport\",\"isPartOf\":{\"@id\":\"https:\/\/rehasport-offenheim.de\/#website\"},\"datePublished\":\"2021-02-21T18:52:57+00:00\",\"dateModified\":\"2021-02-24T17:09:56+00:00\",\"breadcrumb\":{\"@id\":\"https:\/\/rehasport-offenheim.de\/?page_id=38#breadcrumb\"},\"inLanguage\":\"de-DE\",\"potentialAction\":[{\"@type\":\"ReadAction\",\"target\":[\"https:\/\/rehasport-offenheim.de\/?page_id=38\"]}]},{\"@type\":\"BreadcrumbList\",\"@id\":\"https:\/\/rehasport-offenheim.de\/?page_id=38#breadcrumb\",\"itemListElement\":[{\"@type\":\"ListItem\",\"position\":1,\"name\":\"Startseite\",\"item\":\"https:\/\/rehasport-offenheim.de\/\"},{\"@type\":\"ListItem\",\"position\":2,\"name\":\"Impressum\/Kontakt\"}]}]}<\/script>\n<!-- \/ Yoast SEO plugin. -->","yoast_head_json":{"title":"Impressum\/Kontakt - SV Offenheim Rehasport","robots":{"index":"index","follow":"follow","max-snippet":"max-snippet:-1","max-image-preview":"max-image-preview:large","max-video-preview":"max-video-preview:-1"},"canonical":"https:\/\/rehasport-offenheim.de\/?page_id=38","og_locale":"de_DE","og_type":"article","og_title":"Impressum\/Kontakt - SV Offenheim Rehasport","og_description":"Unser Impressum informiert Sie nach \u00a7 6, Gesetz \u00fcber die Nutzung von Telediensten (Teledienstegesetz &#8211; TDG): Abteilung Rehasport des SV Offenheim Els\u00e4sser Str. 18 55234 Offenheim Tel.:&nbsp;06736\/828 9979 Fax: 03212\/1266761 Mobil: 0172\/1089905 E-Mail: info@rehasport-offenheim.de Vorsitzende: Verene Arm, Offenheim Verantwortlich f\u00fcr die Webseiten:&nbsp;Sebastian Z\u00fcfle, Offenheim Nutzungsbedingungen&nbsp;(Haftung, Nutzung und Links) Das Design der Website&nbsp;www.badminton-offenheim.de sowie deren Inhalte, [&hellip;]","og_url":"https:\/\/rehasport-offenheim.de\/?page_id=38","og_site_name":"SV Offenheim Rehasport","article_modified_time":"2021-02-24T17:09:56+00:00","twitter_card":"summary_large_image","twitter_misc":{"Gesch\u00e4tzte Lesezeit":"1 Minute"},"schema":{"@context":"https:\/\/schema.org","@graph":[{"@type":"WebSite","@id":"https:\/\/rehasport-offenheim.de\/#website","url":"https:\/\/rehasport-offenheim.de\/","name":"SV Offenheim Rehasport","description":"Unser Angebot f\u00fcr onkologische Patient*innen","potentialAction":[{"@type":"SearchAction","target":{"@type":"EntryPoint","urlTemplate":"https:\/\/rehasport-offenheim.de\/?s={search_term_string}"},"query-input":"required name=search_term_string"}],"inLanguage":"de-DE"},{"@type":"WebPage","@id":"https:\/\/rehasport-offenheim.de\/?page_id=38#webpage","url":"https:\/\/rehasport-offenheim.de\/?page_id=38","name":"Impressum\/Kontakt - SV Offenheim Rehasport","isPartOf":{"@id":"https:\/\/rehasport-offenheim.de\/#website"},"datePublished":"2021-02-21T18:52:57+00:00","dateModified":"2021-02-24T17:09:56+00:00","breadcrumb":{"@id":"https:\/\/rehasport-offenheim.de\/?page_id=38#breadcrumb"},"inLanguage":"de-DE","potentialAction":[{"@type":"ReadAction","target":["https:\/\/rehasport-offenheim.de\/?page_id=38"]}]},{"@type":"BreadcrumbList","@id":"https:\/\/rehasport-offenheim.de\/?page_id=38#breadcrumb","itemListElement":[{"@type":"ListItem","position":1,"name":"Startseite","item":"https:\/\/rehasport-offenheim.de\/"},{"@type":"ListItem","position":2,"name":"Impressum\/Kontakt"}]}]}},"_links":{"self":[{"href":"https:\/\/rehasport-offenheim.de\/index.php?rest_route=\/wp\/v2\/pages\/38"}],"collection":[{"href":"https:\/\/rehasport-offenheim.de\/index.php?rest_route=\/wp\/v2\/pages"}],"about":[{"href":"https:\/\/rehasport-offenheim.de\/index.php?rest_route=\/wp\/v2\/types\/page"}],"author":[{"embeddable":true,"href":"https:\/\/rehasport-offenheim.de\/index.php?rest_route=\/wp\/v2\/users\/1"}],"replies":[{"embeddable":true,"href":"https:\/\/rehasport-offenheim.de\/index.php?rest_route=%2Fwp%2Fv2%2Fcomments&post=38"}],"version-history":[{"count":2,"href":"https:\/\/rehasport-offenheim.de\/index.php?rest_route=\/wp\/v2\/pages\/38\/revisions"}],"predecessor-version":[{"id":72,"href":"https:\/\/rehasport-offenheim.de\/index.php?rest_route=\/wp\/v2\/pages\/38\/revisions\/72"}],"wp:attachment":[{"href":"https:\/\/rehasport-offenheim.de\/index.php?rest_route=%2Fwp%2Fv2%2Fmedia&parent=38"}],"curies":[{"name":"wp","href":"https:\/\/api.w.org\/{rel}","templated":true}]}}